{"id":13932,"date":"2021-11-15T22:42:12","date_gmt":"2021-11-15T16:42:12","guid":{"rendered":"http:\/\/www.giaoly.org\/vn\/?page_id=13932"},"modified":"2021-11-15T23:01:53","modified_gmt":"2021-11-15T17:01:53","slug":"thtx","status":"publish","type":"page","link":"http:\/\/www.giaoly.org\/vn\/thtx\/","title":{"rendered":"D\u1eabn Nh\u1eadp v\u00e0o Th\u1ea7n H\u1ecdc Th\u00e2n X\u00e1c &#8211; Introduction to Theology of the Body"},"content":{"rendered":"<p>Kh\u00f3a h\u1ecdc n\u00e0y s\u1ebd tr\u00ecnh b\u00e0y nh\u1eefng \u0111i\u1ec3m ch\u00ednh c\u00f9a 129 b\u00e0i gi\u00e1o l\u00fd h\u1eb1ng tu\u1ea7n c\u1ee7a Th\u00e1nh Gi\u00e1o Ho\u00e0ng Gioan Phaol\u00f4 II v\u1ec1 t\u00ednh y\u00eau v\u00e0 ph\u00e1i t\u00ednh.<\/p>\n<ol>\n<li>T\u00ecnh Y\u00eau th\u1eadt l\u00e0 g\u00ec? S\u1ef1 kh\u00e1c bi\u1ec7t gi\u1eefa y\u00eau th\u01b0\u01a1ng v\u00e0 th\u00e8m mu\u1ed1n.<\/li>\n<li>\u1ea2nh h\u01b0\u1edfng c\u1ee7a t\u1ed9i l\u1ed7i tr\u00ean t\u00ecnh y\u00eau, v\u00e0 l\u00e0m sao \u0111\u1ec3 trong s\u1ea1ch h\u00f3a t\u00ecnh y\u00eau.<\/li>\n<li>T\u1ef1 do l\u00e0 g\u00ec? S\u1ef1 li\u00ean h\u1ec7 gi\u1eefa t\u1ef1 do v\u00e0 ch\u00e2n l\u00fd, gi\u1eefa t\u1ef1 do v\u00e0 tr\u00e1ch nhi\u1ec7m.<\/li>\n<li>M\u1ee5c \u0111\u00edch v\u00e0 ng\u00f4n ng\u1eef c\u1ee7a th\u00e2n x\u00e1c.<\/li>\n<li>\u01a0n g\u1ecdi c\u1ee7a con ng\u01b0\u1eddi trong \u0111\u1eddi s\u1ed1ng h\u00f4n nh\u00e2n, \u0111\u1ed9c th\u00e2n hay tu tr\u00ec.<\/li>\n<\/ol>\n<p>Kh\u00f3a h\u1ecdc n\u00e0y th\u00edch h\u1ee3p cho nh\u1eefng ng\u01b0\u1eddi tr\u1ebb \u0111ang bi\u1ebft y\u00eau, c\u00e1c ph\u1ee5 huynh c\u00f3 con \u0111ang t\u00f2 m\u00f2 hay \u0111ang \u1edf tu\u1ed5i y\u00eau th\u01b0\u01a1ng, cho c\u00e1c c\u1eb7p v\u1ee3 ch\u1ed3ng tr\u1ebb v\u00e0 \u0111\u1eb7c bi\u1ec7t l\u00e0 cho c\u00e1c gi\u00e1o l\u00fd vi\u00ean \u0111ang ph\u1ee5 tr\u00e1ch c\u00e1c l\u1edbp Th\u00eam S\u1ee9c v\u00e0 D\u1ef1 B\u1ecb H\u00f4n Nh\u00e2n.<\/p>\n<p>Kh\u00f3a h\u1ecdc tr\u1ef1c tuy\u1ebfn tr\u00ean Zoom s\u1ebd khai gi\u1ea3ng v\u00e0o Th\u1ee9 T\u01b0 ng\u00e0y 8 th\u00e0ng 12 n\u0103m 2021 t\u1eeb 7 gi\u1edd \u0111\u1ebfn 9 gi\u1edd t\u1ed1i (gi\u1edd Houston) v\u00e0 k\u1ebft th\u00fac v\u00e0o ng\u00e0y 12 th\u00e1ng 1 n\u0103m 2022.<\/p>\n<p><a href=\"https:\/\/forms.gle\/u5GWXEhKrgBD4gox8\" target=\"_blank\" rel=\"noopener\">Mu\u1ed1n ghi danh xin b\u1ea5m v\u00e0o \u0111\u00e2y<\/a><\/p>\n<p>&nbsp;<\/p>\n<p>This course will present the main points of 129 weekly catecheses of Pope St. John Paul II on human love and sexuality. It will be conducted in bilingual Vietnamese \u2013 English.<\/p>\n<ol>\n<li>What is true Love? The difference between love and lust.<\/li>\n<li>The effects of sins on love, and how to purify love.<\/li>\n<li>What is freedom? The relationship between freedom and truth, between freedom and responsibilities.<\/li>\n<li>The purpose and language of the body.<\/li>\n<li>Man&#8217;s vocation in marriage, celibacy or religious life.<\/li>\n<\/ol>\n<p>This course is suitable for young people in love, parents whose children are curious about love or are at the age of experimenting love, for young couples and especially for catechists who are teaching Confirmation and Marriage Preparation classes.<\/p>\n<p>This online course on Zoom will start on Wednesday, December 8, 2021 from 7 p.m. to 9 p.m Central time. and end on January 12, 2022.<\/p>\n<p><a href=\"https:\/\/forms.gle\/u5GWXEhKrgBD4gox8\" target=\"_blank\" rel=\"noopener\">Please click Here for registration<\/a><\/p>\n","protected":false},"excerpt":{"rendered":"<p>Kh\u00f3a h\u1ecdc n\u00e0y s\u1ebd tr\u00ecnh b\u00e0y nh\u1eefng \u0111i\u1ec3m ch\u00ednh c\u00f9a 129 b\u00e0i gi\u00e1o l\u00fd h\u1eb1ng tu\u1ea7n c\u1ee7a Th\u00e1nh Gi\u00e1o Ho\u00e0ng Gioan Phaol\u00f4 II v\u1ec1 t\u00ednh y\u00eau v\u00e0 ph\u00e1i t\u00ednh. T\u00ecnh Y\u00eau th\u1eadt l\u00e0 g\u00ec? S\u1ef1 kh\u00e1c bi\u1ec7t gi\u1eefa y\u00eau th\u01b0\u01a1ng v\u00e0 th\u00e8m mu\u1ed1n. \u1ea2nh h\u01b0\u1edfng c\u1ee7a t\u1ed9i l\u1ed7i tr\u00ean t\u00ecnh y\u00eau, v\u00e0 l\u00e0m sao \u0111\u1ec3 &#8230; <span class=\"more\"><a class=\"more-link\" href=\"http:\/\/www.giaoly.org\/vn\/thtx\/\">[Read more&#8230;]<\/a><\/span><\/p>\n","protected":false},"author":1,"featured_media":0,"parent":0,"menu_order":0,"comment_status":"closed","ping_status":"closed","template":"","meta":{"footnotes":""},"class_list":["entry","page","publish","author-phaolo","post-13932"],"_links":{"self":[{"href":"http:\/\/www.giaoly.org\/vn\/wp-json\/wp\/v2\/pages\/13932","targetHints":{"allow":["GET"]}}],"collection":[{"href":"http:\/\/www.giaoly.org\/vn\/wp-json\/wp\/v2\/pages"}],"about":[{"href":"http:\/\/www.giaoly.org\/vn\/wp-json\/wp\/v2\/types\/page"}],"author":[{"embeddable":true,"href":"http:\/\/www.giaoly.org\/vn\/wp-json\/wp\/v2\/users\/1"}],"replies":[{"embeddable":true,"href":"http:\/\/www.giaoly.org\/vn\/wp-json\/wp\/v2\/comments?post=13932"}],"version-history":[{"count":3,"href":"http:\/\/www.giaoly.org\/vn\/wp-json\/wp\/v2\/pages\/13932\/revisions"}],"predecessor-version":[{"id":13938,"href":"http:\/\/www.giaoly.org\/vn\/wp-json\/wp\/v2\/pages\/13932\/revisions\/13938"}],"wp:attachment":[{"href":"http:\/\/www.giaoly.org\/vn\/wp-json\/wp\/v2\/media?parent=13932"}],"curies":[{"name":"wp","href":"https:\/\/api.w.org\/{rel}","templated":true}]}}