{"id":13949,"date":"2023-03-13T05:38:59","date_gmt":"2023-03-12T23:38:59","guid":{"rendered":"http:\/\/www.giaoly.org\/vn\/?page_id=13949"},"modified":"2023-06-25T18:47:13","modified_gmt":"2023-06-25T12:47:13","slug":"dhgl-2023","status":"publish","type":"page","link":"http:\/\/www.giaoly.org\/vn\/dhgl-2023\/","title":{"rendered":"\u0110HGL 2023"},"content":{"rendered":"<h2 style=\"text-align: center;\"><strong>\u1ee6Y BAN GI\u00c1O L\u00dd VI\u1ec6T NAM T\u1ea0I HOA K\u1ef2<\/strong><\/h2>\n<p style=\"text-align: center;\">2580 Tecumseh Street, Baton Rouge, Louisiana 70805<\/p>\n<p style=\"text-align: center;\">Phone: 225.802.4153 Email: nvhungicm@yahoo.com<\/p>\n<p><img loading=\"lazy\" decoding=\"async\" class=\"aligncenter wp-image-13955\" src=\"http:\/\/www.giaoly.org\/vn\/wp-content\/uploads\/2023\/03\/DHGL-2023.png\" alt=\"\" width=\"361\" height=\"359\" srcset=\"http:\/\/www.giaoly.org\/vn\/wp-content\/uploads\/2023\/03\/DHGL-2023.png 513w, http:\/\/www.giaoly.org\/vn\/wp-content\/uploads\/2023\/03\/DHGL-2023-150x150.png 150w, http:\/\/www.giaoly.org\/vn\/wp-content\/uploads\/2023\/03\/DHGL-2023-70x70.png 70w, http:\/\/www.giaoly.org\/vn\/wp-content\/uploads\/2023\/03\/DHGL-2023-115x115.png 115w\" sizes=\"auto, (max-width: 361px) 100vw, 361px\" \/><\/p>\n<p>&nbsp;<\/p>\n<h2 style=\"text-align: center;\"><strong>TH\u00d4NG B\u00c1O \u0110\u1ea0I H\u1ed8I GI\u00c1O L\u00dd XVII<\/strong><\/h2>\n<p style=\"padding-left: 30px;\">Th\u1eddi gian: \u00a0\u00a0\u00a0\u00a0\u00a0 \u00a0\u00a0\u00a0\u00a0\u00a0\u00a0\u00a0\u00a0\u00a0\u00a0\u00a0 Ng\u00e0y 23 &#8211; 25 th\u00e1ng 6, n\u0103m 2023<\/p>\n<p style=\"padding-left: 30px;\">\u0110\u1ecba \u0111i\u1ec3m: \u00a0\u00a0\u00a0\u00a0\u00a0\u00a0 \u00a0\u00a0\u00a0\u00a0\u00a0\u00a0\u00a0\u00a0\u00a0\u00a0\u00a0 Trung T\u00e2m Truy\u1ec1n Gi\u00e1o Th\u00e1nh An-r\u00ea D\u0169ng-L\u1ea1c (NTT L\u00ea Th\u1ecb Th\u00e0nh)<\/p>\n<p style=\"padding-left: 180px;\">20303 Kermier Rd, Waller, TX 77484<\/p>\n<p style=\"padding-left: 30px;\">Thuy\u1ebft tr\u00ecnh vi\u00ean:\u00a0 \u00a0 <strong>\u0110\u1ee9c Cha Vincent Nguy\u1ec5n M\u1ea1nh Hi\u1ebfu<\/strong><\/p>\n<p style=\"padding-left: 180px;\">Gi\u00e1m m\u1ee5c Ph\u1ee5 t\u00e1 TGP Toronto, Canada<\/p>\n<p>Ch\u1ee7 \u0111\u1ec1 \u201c<strong>G\u1eb7p G\u1ee1 \u0110\u1ee9c Kit\u00f4 Tr\u00ean \u0110\u01b0\u1eddng Em-mau\u201d,<\/strong> d\u1ef1a tr\u00ean T\u00e0i li\u1ec7u m\u1edbi ban h\u00e0nh c\u1ee7a H\u0110GM Hoa K\u1ef3, <em>The Mystery of the Eucharist in the Life of the Church<\/em> v\u00e0 ch\u1ee7 \u0111\u1ec1 c\u1ee7a Th\u01b0\u1ee3ng H\u1ed9i \u0110\u1ed3ng Gi\u00e1m m\u1ee5c Th\u1ebf gi\u1edbi: <em>T\u00ednh Hi\u1ec7p H\u00e0nh \/ Synodality: Hi\u1ec7p nh\u1ea5t, Tham gia v\u00e0 S\u1ee9 v\u1ee5<\/em>, th\u00e1ng 10\/2023 t\u1ea1i Roma.<\/p>\n<p style=\"padding-left: 30px;\">V\u00ec s\u1ed1 ph\u00f2ng c\u00f3 gi\u1edbi h\u1ea1n n\u00ean \u01b0u ti\u00ean cho nh\u1eefng ai ghi danh s\u1edbm.<\/p>\n<p style=\"padding-left: 30px;\">Xin ghi danh online t\u1ea1i: https:\/\/bit.ly\/DHGL2023.<\/p>\n<p>Mu\u1ed1n bi\u1ebft th\u00eam chi ti\u1ebft, xin li\u00ean l\u1ea1c:<\/p>\n<ul>\n<li>Lm Giuse Nguy\u1ec5n Vi\u1ec7t H\u01b0ng, \u0110T: 225-802-4153, e-mail: <a href=\"mailto:nvhungicm@yahoo.com\">nvhungicm@yahoo.com<\/a>.<\/li>\n<li>Lm Nguy\u1ec5n Vi\u1ebft T\u00e2n, 225-288-3762,<\/li>\n<li>C\u00f4 Xu\u00e2n Ph\u01b0\u01a1ng, 225-802-6601<\/li>\n<\/ul>\n<p>Phi\u1ebfu Ghi Danh &#8211; <a href=\"http:\/\/www.giaoly.org\/vn\/wp-content\/uploads\/2023\/03\/PHI%E1%BA%BEU-GHI-DANH-%C4%90HGL-XVII-2023.pdf\" target=\"_blank\" rel=\"noopener\">l\u00e0m \u01a1n t\u1ea3i phi\u1ebfu ghi danh v\u00e0 g\u1eedi v\u1ec1 \u0110\u1ecba Ch\u1ec9 trong phi\u1ebfu.<\/a><\/p>\n<p>Ghi Danh Online &#8211; <a href=\"https:\/\/bit.ly\/DHGL2023\" target=\"_blank\" rel=\"noopener\">Nh\u1ea5n v\u00e0o \u0111\u00e2y<\/a><\/p>\n<h1 style=\"text-align: center;\"><strong>T\u00c0I LI\u1ec6U \u0110\u1ea0I H\u1ed8I<\/strong><\/h1>\n<p><a href=\"https:\/\/www.giaoly.org\/vn\/dhgl-2023\/mau-nhiem-thanh-the-trong-doi-song-hoi-thanh\/\" target=\"_blank\" rel=\"noopener\">M\u1ea7u Nhi\u1ec7m Th\u00e1nh Th\u1ec3 trong \u0111\u1eddi s\u1ed1ng H\u1ed9i Th\u00e1nh c\u1ee7a H\u1ed9i \u0110\u1ed3ng Gi\u00e1m M\u1ee5c Hoa K\u1ef3<\/a><\/p>\n<p><a href=\"https:\/\/www.usccb.org\/resources\/mystery-eucharist-life-church\" target=\"_blank\" rel=\"noopener\">The Mystery of the Eucharist in the Life of the Church &#8211; United States Conference of Catholic Bishop<\/a><\/p>\n<p><a title=\"T\u1ed5ng Qu\u00e1t Ti\u1ebfn Tr\u00ecnh D\u1ef1 T\u00f2ng \u2013 Cha Nguy\u1ec5n Thanh Ch\u00e2u\" href=\"https:\/\/www.giaoly.org\/vn\/tong-quat-tien-trinh-du-tong-cha-nguyen-thanh-chau\/\" target=\"_blank\" rel=\"noopener\">T\u1ed5ng Qu\u00e1t Ti\u1ebfn Tr\u00ecnh D\u1ef1 T\u00f2ng \u2013 Cha Nguy\u1ec5n Thanh Ch\u00e2u<\/a><\/p>\n<p><a title=\"S\u01a1 L\u01b0\u1ee3c v\u1ec1 Ni\u1ec1m Tin B\u00ed T\u00edch Th\u00e1nh Th\u1ec3 qua c\u00e1c Th\u1eddi \u0110\u1ea1i \u2013 Cha Giuse V\u0169 Xu\u00e2n Minh\" href=\"https:\/\/www.giaoly.org\/vn\/so-luoc-ve-niem-tin-bi-tich-thanh-the-qua-cac-thoi-dai-cha-giuse-vu-xuan-minh\/\">S\u01a1 L\u01b0\u1ee3c v\u1ec1 Ni\u1ec1m Tin B\u00ed T\u00edch Th\u00e1nh Th\u1ec3 qua c\u00e1c Th\u1eddi \u0110\u1ea1i \u2013 Cha Giuse V\u0169 Xu\u00e2n Minh<\/a><\/p>\n<p><a title=\"S\u1ed0NG LINH \u0110\u1ea0O TH\u00c1NH TH\u1ec2\" href=\"https:\/\/www.giaoly.org\/vn\/song-linh-dao-thanh-the\/\" target=\"_blank\" rel=\"noopener\">S\u1ed1ng Linh \u0110ao Th\u00e1nh Th\u1ec3 qua Gi\u00e1o Hu\u1ea5n c\u1ee7a Ba V\u1ecb Gi\u00e1o Ho\u00e0ng Hi\u1ec7n \u0110\u1ea1i &#8211; Phaol\u00f4 Ph\u1ea1m Xu\u00e2n Kh\u00f4i<\/a><\/p>\n<p><a title=\"LIVING A EUCHARISTIC SPIRITUALITY by Paul Pham\" href=\"https:\/\/www.giaoly.org\/vn\/living-a-eucharistic-spirituality-by-paul-pham\/\" target=\"_blank\" rel=\"noopener\">Living a Eucharistic Spirituality through the Teachings of Three Modern Popes &#8211; Paul Pham<\/a><\/p>\n<p><a title=\"S\u1ed0NG LINH \u0110\u1ea0O TH\u00c1NH TH\u1ec2 \u2013 Phaol\u00f4 Ph\u1ea1m Xu\u00e2n Kh\u00f4i\" href=\"https:\/\/www.giaoly.org\/vn\/song-linh-dao-thanh-the\/\" target=\"_blank\" rel=\"noopener\">S\u1ed1ng Linh \u0110\u1ea1o Th\u00e1nh Th\u1ec3 PowerPoint Presentation (PDF) &#8211; Phaol\u00f4 Ph\u1ea1m Xu\u00e2n Kh\u00f4i<\/a><\/p>\n<p>&nbsp;<\/p>\n<p>&nbsp;<\/p>\n<p>&nbsp;<\/p>\n","protected":false},"excerpt":{"rendered":"<p>\u1ee6Y BAN GI\u00c1O L\u00dd VI\u1ec6T NAM T\u1ea0I HOA K\u1ef2 2580 Tecumseh Street, Baton Rouge, Louisiana 70805 Phone: 225.802.4153 Email: nvhungicm@yahoo.com &nbsp; TH\u00d4NG B\u00c1O \u0110\u1ea0I H\u1ed8I GI\u00c1O L\u00dd XVII Th\u1eddi gian: \u00a0\u00a0\u00a0\u00a0\u00a0 \u00a0\u00a0\u00a0\u00a0\u00a0\u00a0\u00a0\u00a0\u00a0\u00a0\u00a0 Ng\u00e0y 23 &#8211; 25 th\u00e1ng 6, n\u0103m 2023 \u0110\u1ecba \u0111i\u1ec3m: \u00a0\u00a0\u00a0\u00a0\u00a0\u00a0 \u00a0\u00a0\u00a0\u00a0\u00a0\u00a0\u00a0\u00a0\u00a0\u00a0\u00a0 Trung T\u00e2m Truy\u1ec1n Gi\u00e1o Th\u00e1nh An-r\u00ea D\u0169ng-L\u1ea1c (NTT L\u00ea Th\u1ecb Th\u00e0nh) &#8230; <span class=\"more\"><a class=\"more-link\" href=\"http:\/\/www.giaoly.org\/vn\/dhgl-2023\/\">[Read more&#8230;]<\/a><\/span><\/p>\n","protected":false},"author":1,"featured_media":0,"parent":0,"menu_order":0,"comment_status":"closed","ping_status":"closed","template":"","meta":{"footnotes":""},"class_list":["entry","page","publish","author-phaolo","post-13949"],"_links":{"self":[{"href":"http:\/\/www.giaoly.org\/vn\/wp-json\/wp\/v2\/pages\/13949","targetHints":{"allow":["GET"]}}],"collection":[{"href":"http:\/\/www.giaoly.org\/vn\/wp-json\/wp\/v2\/pages"}],"about":[{"href":"http:\/\/www.giaoly.org\/vn\/wp-json\/wp\/v2\/types\/page"}],"author":[{"embeddable":true,"href":"http:\/\/www.giaoly.org\/vn\/wp-json\/wp\/v2\/users\/1"}],"replies":[{"embeddable":true,"href":"http:\/\/www.giaoly.org\/vn\/wp-json\/wp\/v2\/comments?post=13949"}],"version-history":[{"count":3,"href":"http:\/\/www.giaoly.org\/vn\/wp-json\/wp\/v2\/pages\/13949\/revisions"}],"predecessor-version":[{"id":14032,"href":"http:\/\/www.giaoly.org\/vn\/wp-json\/wp\/v2\/pages\/13949\/revisions\/14032"}],"wp:attachment":[{"href":"http:\/\/www.giaoly.org\/vn\/wp-json\/wp\/v2\/media?parent=13949"}],"curies":[{"name":"wp","href":"https:\/\/api.w.org\/{rel}","templated":true}]}}