{"id":512,"date":"2011-03-05T22:12:19","date_gmt":"2011-03-05T16:12:19","guid":{"rendered":"http:\/\/giao-ly-hoi-thanh-cong-giao"},"modified":"2015-01-25T02:46:27","modified_gmt":"2015-01-24T20:46:27","slug":"giao-ly-hoi-thanh-cong-giao","status":"publish","type":"page","link":"http:\/\/www.giaoly.org\/vn\/tai-lieu\/giao-ly-hoi-thanh-cong-giao\/","title":{"rendered":"Gi\u00e1o L\u00fd H\u1ed9i Th\u00e1nh C\u00f4ng Gi\u00e1o"},"content":{"rendered":"<p style=\"text-align: center;\"><strong><em>B\u1ea3n d\u1ecbch c\u1ee7a T\u1ed5ng Gi\u00e1o Ph\u1eadn S\u00e0i G\u00f2n n\u0103m 1993<\/em><\/strong><\/p>\n<p>[iframe giaoly.org\/glcgvn\/mucluc.htm 590 1200]<\/p>\n","protected":false},"excerpt":{"rendered":"<p>B\u1ea3n d\u1ecbch c\u1ee7a T\u1ed5ng Gi\u00e1o Ph\u1eadn S\u00e0i G\u00f2n n\u0103m 1993 [iframe giaoly.org\/glcgvn\/mucluc.htm 590 1200]<\/p>\n","protected":false},"author":1,"featured_media":0,"parent":64,"menu_order":0,"comment_status":"closed","ping_status":"closed","template":"","meta":{"footnotes":""},"class_list":["entry","page","publish","author-phaolo","post-512"],"_links":{"self":[{"href":"http:\/\/www.giaoly.org\/vn\/wp-json\/wp\/v2\/pages\/512","targetHints":{"allow":["GET"]}}],"collection":[{"href":"http:\/\/www.giaoly.org\/vn\/wp-json\/wp\/v2\/pages"}],"about":[{"href":"http:\/\/www.giaoly.org\/vn\/wp-json\/wp\/v2\/types\/page"}],"author":[{"embeddable":true,"href":"http:\/\/www.giaoly.org\/vn\/wp-json\/wp\/v2\/users\/1"}],"replies":[{"embeddable":true,"href":"http:\/\/www.giaoly.org\/vn\/wp-json\/wp\/v2\/comments?post=512"}],"version-history":[{"count":1,"href":"http:\/\/www.giaoly.org\/vn\/wp-json\/wp\/v2\/pages\/512\/revisions"}],"predecessor-version":[{"id":11848,"href":"http:\/\/www.giaoly.org\/vn\/wp-json\/wp\/v2\/pages\/512\/revisions\/11848"}],"up":[{"embeddable":true,"href":"http:\/\/www.giaoly.org\/vn\/wp-json\/wp\/v2\/pages\/64"}],"wp:attachment":[{"href":"http:\/\/www.giaoly.org\/vn\/wp-json\/wp\/v2\/media?parent=512"}],"curies":[{"name":"wp","href":"https:\/\/api.w.org\/{rel}","templated":true}]}}