{"id":598,"date":"2011-03-07T03:43:30","date_gmt":"2011-03-07T03:43:30","guid":{"rendered":"ton-chi"},"modified":"2011-03-24T21:21:34","modified_gmt":"2011-03-24T15:21:34","slug":"ton-chi","status":"publish","type":"page","link":"http:\/\/www.giaoly.org\/vn\/uy-ban-gl\/ton-chi\/","title":{"rendered":"T\u00f4n Ch\u1ec9"},"content":{"rendered":"<p>\u1ee6y Ban Gi\u00e1o L\u00fd Vi\u1ec7t Nam t\u1ea1i Hoa K\u1ef3 ho\u1ea1t \u0111\u1ed9ng v\u1edbi t\u00f4n ch\u1ec9 gi\u00fap ng\u01b0\u1eddi C\u00f4ng Gi\u00e1o Vi\u1ec7t Nam t\u1ea1i Hoa K\u1ef3 ph\u00e1t tri\u1ec3n \u0111\u1eddi s\u1ed1ng \u0111\u1ee9c tin trong tinh th\u1ea7n Vi\u1ec7t Nam, nh\u01b0 l\u1eddi \u0110\u1ee9c Gi\u00e1o Ho\u00e0ng Gioan Phaol\u00f4 II nh\u1eafn nh\u1ee7 ch\u00fang ta trong th\u00f4ng \u0111i\u1ec7p &#8220;<em>Gi\u00e1o H\u1ed9i t\u1ea1i \u00c1 Ch\u00e2u<\/em>,&#8221; l\u00e0 trung th\u00e0nh v\u1edbi gi\u00e1o l\u00fd Tin M\u1eebng, \u0111\u1ed3ng th\u1eddi duy tr\u00ec v\u00e0 ph\u00e1t huy n\u00e9t \u0111\u1eb9p c\u1ee7a n\u1ec1n v\u0103n h\u00f3a Vi\u1ec7t Nam.<\/p>\n<p>\u0110\u1ec3 th\u1ef1c hi\u1ec7n m\u1ee5c \u0111\u00edch n\u00e0y, \u1ee6y Ban Gi\u00e1o L\u00fd:<\/p>\n<ul>\n<li>\u1ea4n h\u00e0nh th\u1ee7 b\u1ea3n gi\u00e1o l\u00fd song ng\u1eef Anh-Vi\u1ec7t<\/li>\n<li>T\u1ed5 ch\u1ee9c \u00d0\u1ea1i H\u1ed9i Gi\u00e1o L\u00fd To\u00e0n Qu\u1ed1c hai n\u0103m m\u1ed9t l\u1ea7n<\/li>\n<li>T\u1ed5 ch\u1ee9c nh\u1eefng kh\u00f3a tu nghi\u1ec7p v\u1ec1 gi\u00e1o l\u00fd t\u1ea1i c\u00e1c gi\u00e1o x\u1ee9\/c\u1ed9ng \u0111o\u00e0n Vi\u1ec7t Nam<\/li>\n<li>S\u1eed d\u1ee5ng nh\u1eefng ph\u01b0\u01a1ng ti\u1ec7n truy\u1ec1n th\u00f4ng \u0111\u1ea1i ch\u00fang \u0111\u1ec3 \u0111\u1ebfn v\u1edbi Gi\u00e1o H\u1ed9i C\u00f4ng Gi\u00e1o Hoa K\u1ef3 v\u00e0 c\u00e1c gi\u00e1o l\u00fd vi\u00ean Vi\u1ec7t Nam \u0111ang s\u1ed1ng t\u1ea1i \u0111\u1ea5t n\u01b0\u1edbc n\u00e0y.<\/li>\n<\/ul>\n<p>Hi\u1ec7n nay \u1ee6y Ban v\u1eeba cho xu\u1ea5t b\u1ea3n m\u1ed9t s\u1ed1 s\u00e1ch Gi\u00e1o L\u00fd b\u1eb1ng Song Ng\u1eef Anh-Vi\u1ec7t\u00a0\u0111\u00e3 \u0111\u01b0\u1ee3c H\u1ed9i \u0110\u1ed3ng Gi\u00e1m M\u1ee5c Hoa K\u1ef3 chu\u1ea9n y.<\/p>\n<p>Mu\u1ed1n bi\u1ebft th\u00eam chi ti\u1ebft xin li\u00ean l\u1ea1c v\u1edbi<\/p>\n<p style=\"text-align: center;\"><strong>Lm Giuse Nguy\u1ec5n Vi\u1ec7t H\u01b0ng<\/strong><\/p>\n<p style=\"text-align: center;\">2580 Tecumseh St, Baton Rouge,\u00a0LA 70805<\/p>\n<p style=\"text-align: center;\">225 355-9794\u00a0(Phone) &#8211; 225-802-4153 (Cel) &#8211; 225 358-9198 (fax)<\/p>\n<p style=\"text-align: center;\">email:\u00a0 <a href=\"mailto:nvhungimc@yahoo.com\">nvhungimc@yahoo.com<\/a><strong> <\/strong><\/p>\n","protected":false},"excerpt":{"rendered":"<p>\u1ee6y Ban Gi\u00e1o L\u00fd Vi\u1ec7t Nam t\u1ea1i Hoa K\u1ef3 ho\u1ea1t \u0111\u1ed9ng v\u1edbi t\u00f4n ch\u1ec9 gi\u00fap ng\u01b0\u1eddi C\u00f4ng Gi\u00e1o Vi\u1ec7t Nam t\u1ea1i Hoa K\u1ef3 ph\u00e1t tri\u1ec3n \u0111\u1eddi s\u1ed1ng \u0111\u1ee9c tin trong tinh th\u1ea7n Vi\u1ec7t Nam, nh\u01b0 l\u1eddi \u0110\u1ee9c Gi\u00e1o Ho\u00e0ng Gioan Phaol\u00f4 II nh\u1eafn nh\u1ee7 ch\u00fang ta trong th\u00f4ng \u0111i\u1ec7p &#8220;Gi\u00e1o H\u1ed9i t\u1ea1i \u00c1 Ch\u00e2u,&#8221; l\u00e0 &#8230; <span class=\"more\"><a class=\"more-link\" href=\"http:\/\/www.giaoly.org\/vn\/uy-ban-gl\/ton-chi\/\">[Read more&#8230;]<\/a><\/span><\/p>\n","protected":false},"author":1,"featured_media":0,"parent":2,"menu_order":0,"comment_status":"closed","ping_status":"open","template":"","meta":{"footnotes":""},"class_list":["entry","page","publish","author-phaolo","post-598"],"_links":{"self":[{"href":"http:\/\/www.giaoly.org\/vn\/wp-json\/wp\/v2\/pages\/598","targetHints":{"allow":["GET"]}}],"collection":[{"href":"http:\/\/www.giaoly.org\/vn\/wp-json\/wp\/v2\/pages"}],"about":[{"href":"http:\/\/www.giaoly.org\/vn\/wp-json\/wp\/v2\/types\/page"}],"author":[{"embeddable":true,"href":"http:\/\/www.giaoly.org\/vn\/wp-json\/wp\/v2\/users\/1"}],"replies":[{"embeddable":true,"href":"http:\/\/www.giaoly.org\/vn\/wp-json\/wp\/v2\/comments?post=598"}],"version-history":[{"count":0,"href":"http:\/\/www.giaoly.org\/vn\/wp-json\/wp\/v2\/pages\/598\/revisions"}],"up":[{"embeddable":true,"href":"http:\/\/www.giaoly.org\/vn\/wp-json\/wp\/v2\/pages\/2"}],"wp:attachment":[{"href":"http:\/\/www.giaoly.org\/vn\/wp-json\/wp\/v2\/media?parent=598"}],"curies":[{"name":"wp","href":"https:\/\/api.w.org\/{rel}","templated":true}]}}