{"id":600,"date":"2011-03-07T03:47:03","date_gmt":"2011-03-07T03:47:03","guid":{"rendered":"http:\/\/thanh-vien"},"modified":"2013-03-08T20:14:01","modified_gmt":"2013-03-08T14:14:01","slug":"thanh-vien","status":"publish","type":"page","link":"http:\/\/www.giaoly.org\/vn\/uy-ban-gl\/thanh-vien\/","title":{"rendered":"Th\u00e0nh Vi\u00ean"},"content":{"rendered":"<p style=\"text-align: center;\"><strong>Th\u00e0nh Vi\u00ean \u1ee6y Ban Gi\u00e1o L\u00fd Vi\u1ec7t Nam t\u1ea1i Hoa K\u1ef3<\/strong><\/p>\n<p style=\"text-align: center;\">LM Nguy\u1ec5n Vi\u1ec7t H\u01b0ng<\/p>\n<p style=\"text-align: center;\">LM V\u0169 Xu\u00e2n Minh<\/p>\n<p style=\"text-align: center;\">Ch\u1ecb Mai H\u01b0\u01a1ng<\/p>\n<p style=\"text-align: center;\">Ch\u1ecb V\u0169 N. \u0110oan Trang<\/p>\n<p style=\"text-align: center;\">GS Quy\u00ean Di<\/p>\n<p style=\"text-align: center;\">GS L\u00ea Xu\u00e2n Hy<\/p>\n<p style=\"text-align: center;\">\u00d4ng \u0110inh V\u0103n D\u01b0\u01a1ng<\/p>\n<p style=\"text-align: center;\">\u00a0\u00d4ng Nguy\u1ec5n V\u0103n Nh\u1eadt<\/p>\n<p style=\"text-align: center;\">\u00d4ng Ph\u1ea1m Xu\u00e2n Kh\u00f4i<\/p>\n<p>&nbsp;<\/p>\n","protected":false},"excerpt":{"rendered":"<p>Th\u00e0nh Vi\u00ean \u1ee6y Ban Gi\u00e1o L\u00fd Vi\u1ec7t Nam t\u1ea1i Hoa K\u1ef3 LM Nguy\u1ec5n Vi\u1ec7t H\u01b0ng LM V\u0169 Xu\u00e2n Minh Ch\u1ecb Mai H\u01b0\u01a1ng Ch\u1ecb V\u0169 N. \u0110oan Trang GS Quy\u00ean Di GS L\u00ea Xu\u00e2n Hy \u00d4ng \u0110inh V\u0103n D\u01b0\u01a1ng \u00a0\u00d4ng Nguy\u1ec5n V\u0103n Nh\u1eadt \u00d4ng Ph\u1ea1m Xu\u00e2n Kh\u00f4i &nbsp;<\/p>\n","protected":false},"author":1,"featured_media":0,"parent":2,"menu_order":0,"comment_status":"closed","ping_status":"open","template":"","meta":{"footnotes":""},"class_list":["entry","page","publish","author-phaolo","post-600"],"_links":{"self":[{"href":"http:\/\/www.giaoly.org\/vn\/wp-json\/wp\/v2\/pages\/600","targetHints":{"allow":["GET"]}}],"collection":[{"href":"http:\/\/www.giaoly.org\/vn\/wp-json\/wp\/v2\/pages"}],"about":[{"href":"http:\/\/www.giaoly.org\/vn\/wp-json\/wp\/v2\/types\/page"}],"author":[{"embeddable":true,"href":"http:\/\/www.giaoly.org\/vn\/wp-json\/wp\/v2\/users\/1"}],"replies":[{"embeddable":true,"href":"http:\/\/www.giaoly.org\/vn\/wp-json\/wp\/v2\/comments?post=600"}],"version-history":[{"count":0,"href":"http:\/\/www.giaoly.org\/vn\/wp-json\/wp\/v2\/pages\/600\/revisions"}],"up":[{"embeddable":true,"href":"http:\/\/www.giaoly.org\/vn\/wp-json\/wp\/v2\/pages\/2"}],"wp:attachment":[{"href":"http:\/\/www.giaoly.org\/vn\/wp-json\/wp\/v2\/media?parent=600"}],"curies":[{"name":"wp","href":"https:\/\/api.w.org\/{rel}","templated":true}]}}