{"id":602,"date":"2011-03-07T03:48:27","date_gmt":"2011-03-07T03:48:27","guid":{"rendered":"tieu-ban-website"},"modified":"2011-03-24T21:22:55","modified_gmt":"2011-03-24T15:22:55","slug":"tieu-ban-website","status":"publish","type":"page","link":"http:\/\/www.giaoly.org\/vn\/uy-ban-gl\/tieu-ban-website\/","title":{"rendered":"Ti\u1ec3u Ban Website"},"content":{"rendered":"<p style=\"text-align: center;\"><strong>Ti\u1ec3u Ban Website<\/strong><\/p>\n<p style=\"text-align: center;\">Xu\u00e2n Kh\u00f4i<\/p>\n<p style=\"text-align: center;\">Tr\u1ea7n Quang<\/p>\n<p style=\"text-align: center;\">Trang \u0110\u00e0i<\/p>\n<p style=\"text-align: center;\">Ho\u00e0ng Linh<\/p>\n","protected":false},"excerpt":{"rendered":"<p>Ti\u1ec3u Ban Website Xu\u00e2n Kh\u00f4i Tr\u1ea7n Quang Trang \u0110\u00e0i Ho\u00e0ng Linh<\/p>\n","protected":false},"author":1,"featured_media":0,"parent":2,"menu_order":0,"comment_status":"closed","ping_status":"open","template":"","meta":{"footnotes":""},"class_list":["entry","page","publish","author-phaolo","post-602"],"_links":{"self":[{"href":"http:\/\/www.giaoly.org\/vn\/wp-json\/wp\/v2\/pages\/602","targetHints":{"allow":["GET"]}}],"collection":[{"href":"http:\/\/www.giaoly.org\/vn\/wp-json\/wp\/v2\/pages"}],"about":[{"href":"http:\/\/www.giaoly.org\/vn\/wp-json\/wp\/v2\/types\/page"}],"author":[{"embeddable":true,"href":"http:\/\/www.giaoly.org\/vn\/wp-json\/wp\/v2\/users\/1"}],"replies":[{"embeddable":true,"href":"http:\/\/www.giaoly.org\/vn\/wp-json\/wp\/v2\/comments?post=602"}],"version-history":[{"count":0,"href":"http:\/\/www.giaoly.org\/vn\/wp-json\/wp\/v2\/pages\/602\/revisions"}],"up":[{"embeddable":true,"href":"http:\/\/www.giaoly.org\/vn\/wp-json\/wp\/v2\/pages\/2"}],"wp:attachment":[{"href":"http:\/\/www.giaoly.org\/vn\/wp-json\/wp\/v2\/media?parent=602"}],"curies":[{"name":"wp","href":"https:\/\/api.w.org\/{rel}","templated":true}]}}