{"id":64,"date":"2011-02-28T00:48:07","date_gmt":"2011-02-28T00:48:07","guid":{"rendered":"tai-lieu"},"modified":"2011-03-04T19:43:16","modified_gmt":"2011-03-04T19:43:16","slug":"tai-lieu","status":"publish","type":"page","link":"http:\/\/www.giaoly.org\/vn\/tai-lieu\/","title":{"rendered":"T\u00e0i Li\u1ec7u"},"content":{"rendered":"<p>Trang n\u00e0y li\u1ec7t k\u00ea nh\u1eefng\u00a0t\u00e0i li\u1ec7u c\u1ee7a H\u1ed9i Th\u00e1nh li\u00ean quan \u0111\u1ebfn Gi\u00e1o L\u00fd.<\/p>\n","protected":false},"excerpt":{"rendered":"<p>Trang n\u00e0y li\u1ec7t k\u00ea nh\u1eefng\u00a0t\u00e0i li\u1ec7u c\u1ee7a H\u1ed9i Th\u00e1nh li\u00ean quan \u0111\u1ebfn Gi\u00e1o L\u00fd.<\/p>\n","protected":false},"author":1,"featured_media":0,"parent":0,"menu_order":0,"comment_status":"closed","ping_status":"closed","template":"","meta":{"footnotes":""},"class_list":["entry","page","publish","author-phaolo","post-64"],"_links":{"self":[{"href":"http:\/\/www.giaoly.org\/vn\/wp-json\/wp\/v2\/pages\/64","targetHints":{"allow":["GET"]}}],"collection":[{"href":"http:\/\/www.giaoly.org\/vn\/wp-json\/wp\/v2\/pages"}],"about":[{"href":"http:\/\/www.giaoly.org\/vn\/wp-json\/wp\/v2\/types\/page"}],"author":[{"embeddable":true,"href":"http:\/\/www.giaoly.org\/vn\/wp-json\/wp\/v2\/users\/1"}],"replies":[{"embeddable":true,"href":"http:\/\/www.giaoly.org\/vn\/wp-json\/wp\/v2\/comments?post=64"}],"version-history":[{"count":0,"href":"http:\/\/www.giaoly.org\/vn\/wp-json\/wp\/v2\/pages\/64\/revisions"}],"wp:attachment":[{"href":"http:\/\/www.giaoly.org\/vn\/wp-json\/wp\/v2\/media?parent=64"}],"curies":[{"name":"wp","href":"https:\/\/api.w.org\/{rel}","templated":true}]}}